{"id":9664,"date":"2018-08-06T11:23:53","date_gmt":"2018-08-06T11:23:53","guid":{"rendered":"https:\/\/barismak.com.tr\/?page_id=9664"},"modified":"2018-08-06T11:23:53","modified_gmt":"2018-08-06T11:23:53","slug":"saygin-oto-elektrik","status":"publish","type":"page","link":"https:\/\/barismak.com.tr\/en\/saygin-oto-elektrik\/","title":{"rendered":"SAYGIN OTO ELEKTR\u0130K"},"content":{"rendered":"<p style=\"text-align: center;\"><strong>Sayg\u0131n Oto Elektrik &#8211; Hasan SAYGIN<\/strong><\/p>\n<p style=\"text-align: center;\">\u0130leti\u015fim: Sanayi Cad. No:7 \u00c7ay\u0131rl\u0131\/ERZ\u0130NCAN &#8211; Tel : 0535 056 28 25 &#8211; 0537 484 02 30<\/p>","protected":false},"excerpt":{"rendered":"<p>Sayg\u0131n Oto Elektrik &#8211; Hasan SAYGIN \u0130leti\u015fim: Sanayi Cad. No:7 \u00c7ay\u0131rl\u0131\/ERZ\u0130NCAN &#8211; Tel : 0535 056 28 25 &#8211; 0537 484 02 30<\/p>","protected":false},"author":1,"featured_media":0,"parent":0,"menu_order":0,"comment_status":"closed","ping_status":"closed","template":"","meta":[],"_links":{"self":[{"href":"https:\/\/barismak.com.tr\/en\/wp-json\/wp\/v2\/pages\/9664"}],"collection":[{"href":"https:\/\/barismak.com.tr\/en\/wp-json\/wp\/v2\/pages"}],"about":[{"href":"https:\/\/barismak.com.tr\/en\/wp-json\/wp\/v2\/types\/page"}],"author":[{"embeddable":true,"href":"https:\/\/barismak.com.tr\/en\/wp-json\/wp\/v2\/users\/1"}],"replies":[{"embeddable":true,"href":"https:\/\/barismak.com.tr\/en\/wp-json\/wp\/v2\/comments?post=9664"}],"version-history":[{"count":1,"href":"https:\/\/barismak.com.tr\/en\/wp-json\/wp\/v2\/pages\/9664\/revisions"}],"predecessor-version":[{"id":9665,"href":"https:\/\/barismak.com.tr\/en\/wp-json\/wp\/v2\/pages\/9664\/revisions\/9665"}],"wp:attachment":[{"href":"https:\/\/barismak.com.tr\/en\/wp-json\/wp\/v2\/media?parent=9664"}],"curies":[{"name":"wp","href":"https:\/\/api.w.org\/{rel}","templated":true}]}}