{"id":9550,"date":"2018-06-20T20:48:35","date_gmt":"2018-06-20T20:48:35","guid":{"rendered":"https:\/\/barismak.com.tr\/?page_id=9550"},"modified":"2018-08-06T14:01:28","modified_gmt":"2018-08-06T14:01:28","slug":"bayilerimiz","status":"publish","type":"page","link":"https:\/\/barismak.com.tr\/en\/bayilerimiz\/","title":{"rendered":"Bayilerimiz"},"content":{"rendered":"<div class=\"vc_row wpb_row vc_row-fluid\"><div class=\"wpb_column vc_column_container vc_col-sm-12\"><div class=\"vc_column-inner\"><div class=\"wpb_wrapper\"><div id=\"responsive_map-199876126\" class=\"responsive-map\" style=\"height:500px;width:100%;\"><\/div>\t\t<script type=\"text\/javascript\">\r\n\t\t\tjQuery(document).ready(function($){\r\n\r\n\t\t\t\tvar mapdiv = jQuery(\"#responsive_map-199876126\");\r\n\t\t\t\tmapdiv.gMap({\r\n\t\t\t\t\tmaptype: google.maps.MapTypeId.ROADMAP,\r\n\t\t\t\t\tzoom: 12,\r\n\t\t\t\t\tlatitude: null,\r\n\t\t\t\t\tlongitude: null,\r\n\t\t\t\t\tstreetViewControl:true,\r\n\t\t\t\t\tmapTypeControl:true,\r\n\t\t\t\t\tzoomControl:true,\r\n\t\t\t\t\tscaleControl:true,\r\n\t\t\t\t\tscrollwheel:true,\r\n\t\t\t\t\tdraggable:true,\r\n\t\t\t\t\tstyles:[{\"stylers\":[{\"featureType\":\"all\"}]}],\r\n\t\t\t\t\tmarkers: [{flat: true,key:\"1\",latitude:\"38.756144\",longitude:\"35.380428\",popup:false,html:\"AKSOYLAR TRAKT\u00d6R 0 352 326 51 84\t\",icon: { image:\"https:\/\/barismak.com.tr\/wp-content\/plugins\/designthemes-core-features\/shortcodes\/images\/markers\/green.png\" },},{flat: true,key:\"2\",latitude:\"39.806711\",longitude:\"34.783976\",popup:false,html:\"AKY\u00dcZLER MOTORLU ARA\u00c7LAR - 0354 212 85 55\",icon: { image:\"https:\/\/barismak.com.tr\/wp-content\/plugins\/designthemes-core-features\/shortcodes\/images\/markers\/green.png\" },},{flat: true,key:\"3\",latitude:\"40.860539\",longitude:\"35.463143\",popup:false,html:\"ARIKAN Z\u0130RA\u0130 ALETLER TAM\u0130R VE \u0130MALATI - 0 358 514 49 39\",icon: { image:\"https:\/\/barismak.com.tr\/wp-content\/plugins\/designthemes-core-features\/shortcodes\/images\/markers\/green.png\" },},{flat: true,key:\"4\",latitude:\"37.475567\",longitude:\"30.563943\",popup:false,html:\"ARSLAN TARIM MAK\u0130NALARI - 0248 325 55 12\",icon: { image:\"https:\/\/barismak.com.tr\/wp-content\/plugins\/designthemes-core-features\/shortcodes\/images\/markers\/green.png\" },},{flat: true,key:\"5\",latitude:\"39.760336\",longitude:\"30.559662\",popup:false,html:\"ATALAY KARDE\u015eLER Z\u0130RAAT ALETLER\u0130 \u0130MALAT VE TAM\u0130R\u0130 - 0222 237 46 11\",icon: { image:\"https:\/\/barismak.com.tr\/wp-content\/plugins\/designthemes-core-features\/shortcodes\/images\/markers\/green.png\" },},{flat: true,key:\"6\",latitude:\"39.715816\",longitude:\"43.016994 \",popup:false,html:\"BARSAN NAKL\u0130YAT HARF\u0130YAT \u0130N\u015e. - 0472 216 33 35\",icon: { image:\"https:\/\/barismak.com.tr\/wp-content\/plugins\/designthemes-core-features\/shortcodes\/images\/markers\/green.png\" },},{flat: true,key:\"7\",latitude:\"39.541051\",longitude:\"29.487818\",popup:false,html:\"BEREKET MOTORLU ARA\u00c7LAR SAN.T\u0130C.LTD.\u015eT\u0130. - 0274 231 01 68\",icon: { image:\"https:\/\/barismak.com.tr\/wp-content\/plugins\/designthemes-core-features\/shortcodes\/images\/markers\/green.png\" },},{flat: true,key:\"8\",latitude:\"38.351625\",longitude:\"31.436859\",popup:false,html:\"B\u0130\u00c7ERMAN T\u0130CARET - 0332 813 20 71\",icon: { image:\"https:\/\/barismak.com.tr\/wp-content\/plugins\/designthemes-core-features\/shortcodes\/images\/markers\/green.png\" },},{flat: true,key:\"9\",latitude:\"38.458283\",longitude:\"30.269279\",popup:false,html:\"\u00c7ELEB\u0130 TARIM MAK\u0130NALARI ve HAYV. EK\u0130PMANLARI - 0543 449 33 03\",icon: { image:\"https:\/\/barismak.com.tr\/wp-content\/plugins\/designthemes-core-features\/shortcodes\/images\/markers\/green.png\" },},{flat: true,key:\"10\",latitude:\"39.347948\",longitude:\"36.402091\",popup:false,html:\"ERLA\u00c7\u0130N TARIM T\u0130C. SAN. VE A\u015e - 0346 512 38 40\",icon: { image:\"https:\/\/barismak.com.tr\/wp-content\/plugins\/designthemes-core-features\/shortcodes\/images\/markers\/green.png\" },},{flat: true,key:\"11\",latitude:\"38.867207\",longitude:\"32.800913\",popup:false,html:\"FEHM\u0130 K\u00dc\u00c7\u00dcKK\u00d6SE TARIM ALETLER\u0130 MAK\u0130NALARI - 0532 394 75 13\",icon: { image:\"https:\/\/barismak.com.tr\/wp-content\/plugins\/designthemes-core-features\/shortcodes\/images\/markers\/green.png\" },},{flat: true,key:\"12\",latitude:\"41.420553\",longitude:\"33.784761\",popup:false,html:\"HACIMAHMUTO\u011eULLARI OTOMOT\u0130V SAN.VE T\u0130C.L.\u015e - 0366 215 29 99\",icon: { image:\"https:\/\/barismak.com.tr\/wp-content\/plugins\/designthemes-core-features\/shortcodes\/images\/markers\/green.png\" },},{flat: true,key:\"13\",latitude:\"38.401329\",longitude:\"42.109828\",popup:false,html:\"HAS EMEK OTOM.MAK.SAN.NAK.\u0130N\u015e.SAN.DI\u015e T\u0130C.SAN.- 0541 391 01 02\",icon: { image:\"https:\/\/barismak.com.tr\/wp-content\/plugins\/designthemes-core-features\/shortcodes\/images\/markers\/green.png\" },},{flat: true,key:\"14\",latitude:\"40.038562\",longitude:\"42.164775\",popup:false,html:\"HAS EMEK OTOM.MAK.SAN.NAK.\u0130N\u015e.SAN.DI\u015e T\u0130C.SAN.- 0541 391 01 02\",icon: { image:\"https:\/\/barismak.com.tr\/wp-content\/plugins\/designthemes-core-features\/shortcodes\/images\/markers\/green.png\" },},{flat: true,key:\"15\",latitude:\"40.291840\",longitude:\"35.876901\",popup:false,html:\"KISMET TORNA AT\u00d6LYES\u0130- 0356 317 21 25\",icon: { image:\"https:\/\/barismak.com.tr\/wp-content\/plugins\/designthemes-core-features\/shortcodes\/images\/markers\/green.png\" },},{flat: true,key:\"16\",latitude:\"38.743556\",longitude:\"41.506472\",popup:false,html:\"K\u00d6YL\u00dcM OTOMOT\u0130V \u0130N\u015e.MAK.- 0436 216 37 77-78\",icon: { image:\"https:\/\/barismak.com.tr\/wp-content\/plugins\/designthemes-core-features\/shortcodes\/images\/markers\/green.png\" },},{flat: true,key:\"17\",latitude:\"39.752510\",longitude:\"40.258302\",popup:false,html:\"KURTO\u011eLU T\u0130CARET - 0446 443 22 31\",icon: { image:\"https:\/\/barismak.com.tr\/wp-content\/plugins\/designthemes-core-features\/shortcodes\/images\/markers\/green.png\" },},{flat: true,key:\"18\",latitude:\"38.353981\",longitude:\"33.983962\",popup:false,html:\"NALBANT O\u011eLU TARIM - 0382 215 31 38\",icon: { image:\"https:\/\/barismak.com.tr\/wp-content\/plugins\/designthemes-core-features\/shortcodes\/images\/markers\/green.png\" },},{flat: true,key:\"19\",latitude:\"40.209758\",longitude:\"28.360782\",popup:false,html:\"\u00d6ZLER MAK\u0130NA PLAST\u0130K TARIM ALETLER\u0130 SAN.VE T\u0130C.LTD.\u015eT\u0130. - 0224 671 82 89\",icon: { image:\"https:\/\/barismak.com.tr\/wp-content\/plugins\/designthemes-core-features\/shortcodes\/images\/markers\/green.png\" },},{flat: true,key:\"20\",latitude:\"40.079764\",longitude:\"29.512962\",popup:false,html:\"SAM\u0130 TRAKT\u00d6R VE Z\u0130RAAT MAK\u0130NALARI - 0224 711 93 93\",icon: { image:\"https:\/\/barismak.com.tr\/wp-content\/plugins\/designthemes-core-features\/shortcodes\/images\/markers\/green.png\" },},{flat: true,key:\"21\",latitude:\"40.164971\",longitude:\"34.862536\",popup:false,html:\"\u015eIHLAR T\u0130CARET - 0 364 411 72 13\",icon: { image:\"https:\/\/barismak.com.tr\/wp-content\/plugins\/designthemes-core-features\/shortcodes\/images\/markers\/green.png\" },},{flat: true,key:\"22\",latitude:\"38.207353\",longitude:\"37.197319\",popup:false,html:\"\u015e\u0130M\u015eEK GALER\u0130 - 0344 413 39 66\",icon: { image:\"https:\/\/barismak.com.tr\/wp-content\/plugins\/designthemes-core-features\/shortcodes\/images\/markers\/green.png\" },},{flat: true,key:\"23\",latitude:\"39.906993\",longitude:\"41.274613\",popup:false,html:\"TARIMSAN M\u00dcHEND\u0130SL\u0130K - 0442 213 67 23-22\",icon: { image:\"https:\/\/barismak.com.tr\/wp-content\/plugins\/designthemes-core-features\/shortcodes\/images\/markers\/green.png\" },},{flat: true,key:\"24\",latitude:\"39.491589\",longitude:\"35.376578\",popup:false,html:\"TORNACI NA\u0130L USTA - 0535 441 37 20\",icon: { image:\"https:\/\/barismak.com.tr\/wp-content\/plugins\/designthemes-core-features\/shortcodes\/images\/markers\/green.png\" },},{flat: true,key:\"25\",latitude:\"39.491589\",longitude:\"35.376578\",popup:false,html:\"TORNACI NA\u0130L USTA - 0535 441 37 20\",icon: { image:\"https:\/\/barismak.com.tr\/wp-content\/plugins\/designthemes-core-features\/shortcodes\/images\/markers\/green.png\" },},{flat: true,key:\"26\",latitude:\"37.715505\",longitude:\"33.549377\",popup:false,html:\"U\u011eURLU OTOMOT\u0130V PETROL \u00dcRN.NAK.SAN.LTD.\u015eT\u0130. - 0332 755 7424\",icon: { image:\"https:\/\/barismak.com.tr\/wp-content\/plugins\/designthemes-core-features\/shortcodes\/images\/markers\/green.png\" },},{flat: true,key:\"27\",latitude:\"38.284239\",longitude:\"29.727881\",popup:false,html:\"YAVUZLAR TARIM MAK\u0130NALARI - 0505 999 94 94\",icon: { image:\"https:\/\/barismak.com.tr\/wp-content\/plugins\/designthemes-core-features\/shortcodes\/images\/markers\/green.png\" },},{flat: true,key:\"28\",latitude:\"39.145091\",longitude:\"34.159570\",popup:false,html:\"YURTTA\u015eLAR MOTORLU ARA\u00c7LAR - (0386) 252 83 83\",icon: { image:\"https:\/\/barismak.com.tr\/wp-content\/plugins\/designthemes-core-features\/shortcodes\/images\/markers\/green.png\" },},{flat: true,key:\"29\",latitude:\"39.096394\",longitude:\"42.269910\",popup:false,html:\"Z\u0130LAN TARIM - \t0533 056 78 42\",icon: { image:\"https:\/\/barismak.com.tr\/wp-content\/plugins\/designthemes-core-features\/shortcodes\/images\/markers\/green.png\" },}],\r\n\t\t\t\t\tpanControl: true,\r\n\t\t\t\t\toverviewMapControl:true,\r\n\t\t\t\t});\r\n\t\t\t});\r\n\t\t<\/script><\/div><\/div><\/div><\/div>","protected":false},"excerpt":{"rendered":"","protected":false},"author":1,"featured_media":0,"parent":0,"menu_order":0,"comment_status":"closed","ping_status":"closed","template":"","meta":[],"_links":{"self":[{"href":"https:\/\/barismak.com.tr\/en\/wp-json\/wp\/v2\/pages\/9550"}],"collection":[{"href":"https:\/\/barismak.com.tr\/en\/wp-json\/wp\/v2\/pages"}],"about":[{"href":"https:\/\/barismak.com.tr\/en\/wp-json\/wp\/v2\/types\/page"}],"author":[{"embeddable":true,"href":"https:\/\/barismak.com.tr\/en\/wp-json\/wp\/v2\/users\/1"}],"replies":[{"embeddable":true,"href":"https:\/\/barismak.com.tr\/en\/wp-json\/wp\/v2\/comments?post=9550"}],"version-history":[{"count":25,"href":"https:\/\/barismak.com.tr\/en\/wp-json\/wp\/v2\/pages\/9550\/revisions"}],"predecessor-version":[{"id":9671,"href":"https:\/\/barismak.com.tr\/en\/wp-json\/wp\/v2\/pages\/9550\/revisions\/9671"}],"wp:attachment":[{"href":"https:\/\/barismak.com.tr\/en\/wp-json\/wp\/v2\/media?parent=9550"}],"curies":[{"name":"wp","href":"https:\/\/api.w.org\/{rel}","templated":true}]}}