{"id":7922,"date":"2017-07-19T10:48:20","date_gmt":"2017-07-19T10:48:20","guid":{"rendered":"https:\/\/barismak.com.tr\/?page_id=7922"},"modified":"2018-03-28T08:06:51","modified_gmt":"2018-03-28T08:06:51","slug":"join-us","status":"publish","type":"page","link":"https:\/\/barismak.com.tr\/en\/join-us\/","title":{"rendered":"Join Us"},"content":{"rendered":"<div class=\"vc_row wpb_row vc_row-fluid\"><div class=\"wpb_column vc_column_container vc_col-sm-12\"><div class=\"vc_column-inner\"><div class=\"wpb_wrapper\">\n\t<div  class=\"wpb_single_image wpb_content_element vc_align_left\">\n\t\t\n\t\t<figure class=\"wpb_wrapper vc_figure\">\n\t\t\t<div class=\"vc_single_image-wrapper   vc_box_border_grey\"><\/div>\n\t\t<\/figure>\n\t<\/div>\n<div class='dt-sc-title script-with-sub-title aligncenter'><h5><\/h5><h3><strong>Go Green <\/strong>Make a difference<\/h3><\/div><div class=\"ult-spacer spacer-69f53a837e19e\" data-id=\"69f53a837e19e\" data-height=\"35\" data-height-mobile=\"35\" data-height-tab=\"35\" data-height-tab-portrait=\"\" data-height-mobile-landscape=\"\" style=\"clear:both;display:block;\"><\/div><div class=\"vc_row wpb_row vc_inner vc_row-fluid\"><div class=\"wpb_column vc_column_container vc_col-sm-6\"><div class=\"vc_column-inner\"><div class=\"wpb_wrapper\"><h3>Biodynamic Agriculture <\/h3>\r\n\t<div class=\"wpb_text_column wpb_content_element\" >\r\n\t\t<div class=\"wpb_wrapper\">\r\n\t\t\t<p>An organic farm is much more than using certain methods &amp; substances while avoiding others.\u00a0 It is a way of life, using the biodiversity &amp; recycling process.<\/p>\n\r\n\t\t<\/div>\r\n\t<\/div>\r\n<\/div><\/div><\/div><div class=\"wpb_column vc_column_container vc_col-sm-6\"><div class=\"vc_column-inner\"><div class=\"wpb_wrapper\"><h3>Organic Agriculture<\/h3>\r\n\t<div class=\"wpb_text_column wpb_content_element\" >\r\n\t\t<div class=\"wpb_wrapper\">\r\n\t\t\t<p>Organic farming is a structure that mimics the structure of a natural system having the integrity and interdependence of organism.<\/p>\n\r\n\t\t<\/div>\r\n\t<\/div>\r\n<\/div><\/div><\/div><\/div><div class=\"vc_row wpb_row vc_inner vc_row-fluid\"><div class=\"wpb_column vc_column_container vc_col-sm-3\"><div class=\"vc_column-inner\"><div class=\"wpb_wrapper\"><ul class='dt-sc-fancy-list   arrow'>\n<li>Lorem ipsum dolor sit<\/li>\n<li>Praesent convallis nibh<\/li>\n<li>Nullam ac sapien sit<\/li>\n<li>Phasellus auctor augue<\/li>\n<\/ul><\/div><\/div><\/div><div class=\"wpb_column vc_column_container vc_col-sm-3\"><div class=\"vc_column-inner\"><div class=\"wpb_wrapper\"><ul class='dt-sc-fancy-list   arrow'>\n<li>Lorem ipsum dolor sit<\/li>\n<li>Praesent convallis nibh<\/li>\n<li>Nullam ac sapien sit<\/li>\n<li>Phasellus auctor augue<\/li>\n<\/ul><\/div><\/div><\/div><div class=\"wpb_column vc_column_container vc_col-sm-3\"><div class=\"vc_column-inner\"><div class=\"wpb_wrapper\"><ul class='dt-sc-fancy-list   arrow'>\n<li>Lorem ipsum dolor sit<\/li>\n<li>Praesent convallis nibh<\/li>\n<li>Nullam ac sapien sit<\/li>\n<li>Phasellus auctor augue<\/li>\n<\/ul><\/div><\/div><\/div><div class=\"wpb_column vc_column_container vc_col-sm-3\"><div class=\"vc_column-inner\"><div class=\"wpb_wrapper\"><ul class='dt-sc-fancy-list   arrow'>\n<li>Lorem ipsum dolor sit<\/li>\n<li>Praesent convallis nibh<\/li>\n<li>Nullam ac sapien sit<\/li>\n<li>Phasellus auctor augue<\/li>\n<\/ul><\/div><\/div><\/div><\/div><\/div><\/div><\/div><\/div><div class=\"vc_row wpb_row vc_row-fluid\"><div class=\"wpb_column vc_column_container vc_col-sm-12\"><div class=\"vc_column-inner\"><div class=\"wpb_wrapper\"><div class=\"ult-spacer spacer-69f53a83802bd\" data-id=\"69f53a83802bd\" data-height=\"100\" data-height-mobile=\"30\" data-height-tab=\"60\" data-height-tab-portrait=\"60\" data-height-mobile-landscape=\"30\" style=\"clear:both;display:block;\"><\/div><\/div><\/div><\/div><\/div><div data-vc-full-width=\"true\" data-vc-full-width-init=\"false\" class=\"vc_row wpb_row vc_row-fluid dt-sc-dark-bg\"><div class=\"wpb_column vc_column_container vc_col-sm-12\"><div class=\"vc_column-inner\" style=\" text-align:center; \"><div class=\"wpb_wrapper\"><div class=\"ult-spacer spacer-69f53a8380812\" data-id=\"69f53a8380812\" data-height=\"100\" data-height-mobile=\"30\" data-height-tab=\"60\" data-height-tab-portrait=\"60\" data-height-mobile-landscape=\"30\" style=\"clear:both;display:block;\"><\/div><div class='dt-sc-title script-with-sub-title'><h2>Careers in Organic Farming<\/h2><h3><\/h3><\/div><h2>call 0900 1234 567 890 or email us at career@ Organicfarming.com<\/h2><a href='#' target='_self' title='' class='dt-sc-button   small   bordered  default' > Post your resume <\/a><div class=\"ult-spacer spacer-69f53a838089d\" data-id=\"69f53a838089d\" data-height=\"100\" data-height-mobile=\"30\" data-height-tab=\"60\" data-height-tab-portrait=\"60\" data-height-mobile-landscape=\"30\" style=\"clear:both;display:block;\"><\/div><\/div><\/div><\/div><\/div><div class=\"vc_row-full-width vc_clearfix\"><\/div><!-- Row Backgrounds --><div class=\"upb_bg_img\" data-ultimate-bg=\"url(https:\/\/barismak.com.tr\/wp-content\/uploads\/2018\/03\/bg3.jpg)\" data-image-id=\"id^9017|url^https:\/\/barismak.com.tr\/wp-content\/uploads\/2018\/03\/bg3.jpg|caption^null|alt^null|title^bg3|description^null\" data-ultimate-bg-style=\"vcpb-default\" data-bg-img-repeat=\"no-repeat\" data-bg-img-size=\"cover\" data-bg-img-position=\"\" data-parallx_sense=\"30\" data-bg-override=\"0\" data-bg_img_attach=\"fixed\" data-upb-overlay-color=\"rgba(119,184,30,0.9)\" data-upb-bg-animation=\"\" data-fadeout=\"\" data-bg-animation=\"left-animation\" data-bg-animation-type=\"h\" data-animation-repeat=\"repeat\" data-fadeout-percentage=\"30\" data-parallax-content=\"\" data-parallax-content-sense=\"30\" data-row-effect-mobile-disable=\"true\" data-img-parallax-mobile-disable=\"true\" data-rtl=\"false\"  data-custom-vc-row=\"\"  data-vc=\"6.9.0\"  data-is_old_vc=\"\"  data-theme-support=\"\"   data-overlay=\"true\" data-overlay-color=\"rgba(119,184,30,0.9)\" data-overlay-pattern=\"\" data-overlay-pattern-opacity=\"0.8\" data-overlay-pattern-size=\"\" data-overlay-pattern-attachment=\"scroll\"    ><\/div><div class=\"vc_row wpb_row vc_row-fluid\"><div class=\"wpb_column vc_column_container vc_col-sm-12\"><div class=\"vc_column-inner\"><div class=\"wpb_wrapper\"><div class=\"ult-spacer spacer-69f53a8381177\" data-id=\"69f53a8381177\" data-height=\"100\" data-height-mobile=\"30\" data-height-tab=\"60\" data-height-tab-portrait=\"60\" data-height-mobile-landscape=\"30\" style=\"clear:both;display:block;\"><\/div><\/div><\/div><\/div><\/div><div class=\"vc_row wpb_row vc_row-fluid\"><div class=\"wpb_column vc_column_container vc_col-sm-12\"><div class=\"vc_column-inner\"><div class=\"wpb_wrapper\"><div class=\"dt-sc-posts-list-wrapper\"><div class=\"tpl-blog-holder apply-isotope\"><div class='grid-sizer column dt-sc-one-third'><\/div><div class='column dt-sc-one-third first'><article id=\"post-9787\" class=\"blog-entry blog-default-style format-standard post-9787 post type-post status-publish hentry category-green-manures\">\n        <!-- Featured Image -->\n        <div class=\"entry-thumb\">\n        \t\n            <div class=\"entry-format hidden\">\n                <a class=\"ico-format\" href=\"\"><\/a>\n            <\/div>\n\t\t<\/div><!-- Featured Image -->\n\n        <!-- Post Details -->\n        <div class=\"entry-details\">\n\n            <!-- Meta -->\n                        <div class=\"entry-meta\">\n            \t<div class=\"date\">Posted on August 8, 2018<\/div>\n                <div class=\"comments hidden\"> \/ <a href=\"https:\/\/barismak.com.tr\/en\/seker-pancari-hasat-donemi\/#respond\"><i class=\"pe-icon pe-chat\"> <\/i> 0<\/a>                <\/div>\n                <div class=\"author\">\n                    \/ <i class=\"pe-icon pe-user\"> <\/i>\n                    <a href=\"https:\/\/barismak.com.tr\/en\/author\/barismak\/\" \n                        title=\"View all posts by barismak\" data-no-translation-title=\"\">barismak<\/a>\n                <\/div>\n            <\/div><!-- Meta -->\n\n            <div class=\"entry-title\">\n                                <h4><a href=\"https:\/\/barismak.com.tr\/en\/seker-pancari-hasat-donemi\/\" title=\"Permalink to \u015eeker Pancar\u0131 Hasat D\u00f6nemi\" data-no-translation-title=\"\">\u015eeker Pancar\u0131 Hasat D\u00f6nemi<\/a><\/h4>\n            <\/div>\n\n\t\t\t\t\t\t\t<div class=\"entry-body\"><p>Ananesel olarak el ile s\u00f6k\u00fcmde hasat, s\u00f6k\u00fcm, ba\u015f kesimi, topra\u011f\u0131n hijyenik hale getirilmesi ve ta\u015f\u0131ma arac\u0131na y\u00fckleme \u015feklindeger\u00e7ekle\u015fir.Makineli hasat ise\u00a0gittik\u00e7e\u00a0yayg\u0131nla\u015fmaktad\u0131r. Hasada ba\u015flama\u00a0s\u00fcreyi\u00a0T\u00fcrkiye\u00a0\u00e7ap\u0131nda\u00a0beklenilen\u00a0pancar rekoltesi, fabrikalar\u0131n g\u00fcnl\u00fck i\u015fleme kapasiteleri, \u00fclkenin \u015feker\u00a0ihtiyac\u0131\u00a0ve pancar\u0131n teknolojik olgunluk\u00a0seviyesi\u00a0g\u00f6z \u00f6n\u00fcne al\u0131narak 10 Eyl\u00fcl \u2013 10 Ekim...<\/p><\/div>\n            \n            <!-- Category & Tag -->\n                        <div class=\"entry-meta-data hidden\">\n                                <p class=\"hidden category\"><i class=\"pe-icon pe-network\"> <\/i> <a href=\"https:\/\/barismak.com.tr\/en\/category\/green-manures\/\" rel=\"category tag\">Green manures<\/a><\/p>\n            <\/div><!-- Category & Tag -->\n\n            <!-- Read More Button -->\n            <a href='https:\/\/barismak.com.tr\/en\/seker-pancari-hasat-donemi\/' target='_self' title='' class='dt-sc-button   small icon-right with-icon  filled  default' > Read More <span class='fa fa-long-arrow-right'> <\/span><\/a><!-- Read More Button -->\n\n        <\/div><!-- Post Details --><\/article><\/div><div class='column dt-sc-one-third'><article id=\"post-9785\" class=\"blog-entry blog-default-style format-standard post-9785 post type-post status-publish hentry category-green-manures\">\n        <!-- Featured Image -->\n        <div class=\"entry-thumb\">\n        \t\n            <div class=\"entry-format hidden\">\n                <a class=\"ico-format\" href=\"\"><\/a>\n            <\/div>\n\t\t<\/div><!-- Featured Image -->\n\n        <!-- Post Details -->\n        <div class=\"entry-details\">\n\n            <!-- Meta -->\n                        <div class=\"entry-meta\">\n            \t<div class=\"date\">Posted on August 8, 2018<\/div>\n                <div class=\"comments hidden\"> \/ <a href=\"https:\/\/barismak.com.tr\/en\/seker-pancari-ekimi\/#respond\"><i class=\"pe-icon pe-chat\"> <\/i> 0<\/a>                <\/div>\n                <div class=\"author\">\n                    \/ <i class=\"pe-icon pe-user\"> <\/i>\n                    <a href=\"https:\/\/barismak.com.tr\/en\/author\/barismak\/\" \n                        title=\"View all posts by barismak\" data-no-translation-title=\"\">barismak<\/a>\n                <\/div>\n            <\/div><!-- Meta -->\n\n            <div class=\"entry-title\">\n                                <h4><a href=\"https:\/\/barismak.com.tr\/en\/seker-pancari-ekimi\/\" title=\"Permalink to \u015eeker Pancar\u0131 Ekimi\" data-no-translation-title=\"\">\u015eeker Pancar\u0131 Ekimi<\/a><\/h4>\n            <\/div>\n\n\t\t\t\t\t\t\t<div class=\"entry-body\"><p>\u015eeker Pancar\u0131 Ekimi \u015eeker pancar\u0131 tar\u0131m\u0131nda ekim\u00a0s\u00fcreyi,\u00a0rafine\u00a0\u015feker varl\u0131\u011f\u0131n\u0131 ve k\u00f6k verimini etkiler. Ekim\u00a0s\u00fcreyi\u00a0geciktirilirse pancar\u0131n yeti\u015fme\u00a0m\u00fcddeti\u00a0k\u0131sal\u0131r, olgunla\u015fmas\u0131 gecikir, g\u00fcbrelerden\u00a0beklenilen\u00a0verim\u00a0al\u0131namaz. Hastal\u0131k ve ha\u015ferelere kar\u015f\u0131 bitkilerin direnci azal\u0131r. Bu nedenlerden\u00a0kaynakl\u0131\u00a0\u015feker pancar\u0131n\u0131n\u00a0makul\u00a0vakitte\u00a0ekilmesi\u00a0defaehemmiyetlidir. Uzun\u00a0seneler\u00a0hararet\u00a0ortalamalar\u0131na g\u00f6re 30 \u2013 35\u00a0senede, 1\u00a0sene\u00a0i\u00e7ersinde2 \u2013 3\u00a0kez\u00a0g\u00f6r\u00fclen ge\u00e7 donlar\u0131n\u00a0neden oldu\u011fu\u00a0%15...<\/p><\/div>\n            \n            <!-- Category & Tag -->\n                        <div class=\"entry-meta-data hidden\">\n                                <p class=\"hidden category\"><i class=\"pe-icon pe-network\"> <\/i> <a href=\"https:\/\/barismak.com.tr\/en\/category\/green-manures\/\" rel=\"category tag\">Green manures<\/a><\/p>\n            <\/div><!-- Category & Tag -->\n\n            <!-- Read More Button -->\n            <a href='https:\/\/barismak.com.tr\/en\/seker-pancari-ekimi\/' target='_self' title='' class='dt-sc-button   small icon-right with-icon  filled  default' > Read More <span class='fa fa-long-arrow-right'> <\/span><\/a><!-- Read More Button -->\n\n        <\/div><!-- Post Details --><\/article><\/div><div class='column dt-sc-one-third'><article id=\"post-9783\" class=\"blog-entry blog-default-style format-standard post-9783 post type-post status-publish hentry category-green-manures\">\n        <!-- Featured Image -->\n        <div class=\"entry-thumb\">\n        \t\n            <div class=\"entry-format hidden\">\n                <a class=\"ico-format\" href=\"\"><\/a>\n            <\/div>\n\t\t<\/div><!-- Featured Image -->\n\n        <!-- Post Details -->\n        <div class=\"entry-details\">\n\n            <!-- Meta -->\n                        <div class=\"entry-meta\">\n            \t<div class=\"date\">Posted on August 8, 2018<\/div>\n                <div class=\"comments hidden\"> \/ <a href=\"https:\/\/barismak.com.tr\/en\/tohum-alani-hazirligi\/#respond\"><i class=\"pe-icon pe-chat\"> <\/i> 0<\/a>                <\/div>\n                <div class=\"author\">\n                    \/ <i class=\"pe-icon pe-user\"> <\/i>\n                    <a href=\"https:\/\/barismak.com.tr\/en\/author\/barismak\/\" \n                        title=\"View all posts by barismak\" data-no-translation-title=\"\">barismak<\/a>\n                <\/div>\n            <\/div><!-- Meta -->\n\n            <div class=\"entry-title\">\n                                <h4><a href=\"https:\/\/barismak.com.tr\/en\/tohum-alani-hazirligi\/\" title=\"Permalink to Tohum Alan\u0131 Haz\u0131rl\u0131\u011f\u0131\" data-no-translation-title=\"\">Tohum Alan\u0131 Haz\u0131rl\u0131\u011f\u0131<\/a><\/h4>\n            <\/div>\n\n\t\t\t\t\t\t\t<div class=\"entry-body\"><p>Tohum Alan\u0131 Haz\u0131rl\u0131\u011f\u0131 \u015eeker pancar\u0131n\u0131n beslenmesinde azot (N), fosfor (P2O5) ve potasyum (K2O)\u00a0ehemmiyetlidir. Bitkiler hasada kadar k\u00f6k ve yapraklar\u0131\u00a0e\u015fli\u011finde\u00a0topraktan\u00a0a\u015f\u0131r\u0131 derecedeazot, fosfor ve potasyum\u00a0kald\u0131rmaktad\u0131r. Bundan\u00a0kaynakl\u0131\u00a0tarladaki verimlili\u011fin korunabilmesi\u00a0i\u00e7ersinde\u00a0toprak ve bitkinin bu ana\u00a0g\u0131da\u00a0maddeleri ile desteklenmesi\u00a0gerekmektedir. Toprakta\u00a0nebat\u00a0g\u0131da\u00a0maddesi\u00a0\u00e7\u00f6z\u00fcmleme\u00a0neticelerine\u00a0g\u00f6re g\u00fcbrelemeyapmas\u0131\u00a0en do\u011fru yoldur. Ancak \u015feker pancar\u0131nda...<\/p><\/div>\n            \n            <!-- Category & Tag -->\n                        <div class=\"entry-meta-data hidden\">\n                                <p class=\"hidden category\"><i class=\"pe-icon pe-network\"> <\/i> <a href=\"https:\/\/barismak.com.tr\/en\/category\/green-manures\/\" rel=\"category tag\">Green manures<\/a><\/p>\n            <\/div><!-- Category & Tag -->\n\n            <!-- Read More Button -->\n            <a href='https:\/\/barismak.com.tr\/en\/tohum-alani-hazirligi\/' target='_self' title='' class='dt-sc-button   small icon-right with-icon  filled  default' > Read More <span class='fa fa-long-arrow-right'> <\/span><\/a><!-- Read More Button -->\n\n        <\/div><!-- Post Details --><\/article><\/div><\/div><\/div><\/div><\/div><\/div><\/div><div class=\"vc_row wpb_row vc_row-fluid\"><div class=\"wpb_column vc_column_container vc_col-sm-12\"><div class=\"vc_column-inner\"><div class=\"wpb_wrapper\"><div class=\"ult-spacer spacer-69f53a8385987\" data-id=\"69f53a8385987\" data-height=\"45\" data-height-mobile=\"35\" data-height-tab=\"45\" data-height-tab-portrait=\"45\" data-height-mobile-landscape=\"35\" style=\"clear:both;display:block;\"><\/div><\/div><\/div><\/div><\/div><div data-vc-full-width=\"true\" data-vc-full-width-init=\"false\" class=\"vc_row wpb_row vc_row-fluid responsive-adjustment dt-sc-quaternary-skin-highlight vc_custom_1520921900646 vc_row-has-fill\"><div class=\"wpb_column vc_column_container vc_col-sm-12\"><div class=\"vc_column-inner\"><div class=\"wpb_wrapper\"><div class=\"ult-spacer spacer-69f53a8385edb\" data-id=\"69f53a8385edb\" data-height=\"100\" data-height-mobile=\"30\" data-height-tab=\"60\" data-height-tab-portrait=\"60\" data-height-mobile-landscape=\"30\" style=\"clear:both;display:block;\"><\/div><div class='dt-sc-title script-with-sub-title aligncenter'><h2><\/h2><h3><strong>What<\/strong> Our Clients Say<\/h3><\/div>\r\n\t<div class=\"wpb_text_column wpb_content_element  aligncenter\" >\r\n\t\t<div class=\"wpb_wrapper\">\r\n\t\t\t<p>Excepteur sint occaecat cupidatat non proident<\/p>\n\r\n\t\t<\/div>\r\n\t<\/div>\r\n<div class=\"ult-spacer spacer-69f53a83860ad\" data-id=\"69f53a83860ad\" data-height=\"50\" data-height-mobile=\"20\" data-height-tab=\"30\" data-height-tab-portrait=\"30\" data-height-mobile-landscape=\"20\" style=\"clear:both;display:block;\"><\/div><div id=\"ult-carousel-178614527369f53a8386131\" class=\"ult-carousel-wrapper   ult_horizontal\" data-gutter=\"15\" data-rtl=\"false\" ><div class=\"ult-carousel-118190918569f53a83860ff\" ><div class=\"ult-item-wrap\" data-animation=\"animated no-animation\"><div class=\"dt-sc-testimonial-wrapper\"><div class='dt-sc-testimonial type2'><div class=\"dt-sc-testimonial-quote\"><blockquote><q>Lorem ipsum dolor sit amet, consectetur adipiscing elit. Morbi hendrerit elit turpis, a porttitor tellus sollicitudin at.Class aptent taciti sociosqu ad litora torquent per conubia nostra, per inceptos himenaeos.<\/q><\/blockquote><\/div><div class=\"dt-sc-testimonial-author\"><cite>Clarence Garza<small>Marketing<\/small><\/cite><\/div><\/div><\/div><\/div><div class=\"ult-item-wrap\" data-animation=\"animated no-animation\"><div class=\"dt-sc-testimonial-wrapper\"><div class='dt-sc-testimonial type2'><div class=\"dt-sc-testimonial-quote\"><blockquote><q>Lorem ipsum dolor sit amet, consectetur adipiscing elit. Morbi hendrerit elit turpis, a porttitor tellus sollicitudin at.Class aptent taciti sociosqu ad litora torquent per conubia nostra, per inceptos himenaeos.<\/q><\/blockquote><\/div><div class=\"dt-sc-testimonial-author\"><cite>Ruth Baldwin<small>HR @ ABC Inc<\/small><\/cite><\/div><\/div><\/div><\/div><div class=\"ult-item-wrap\" data-animation=\"animated no-animation\"><div class=\"dt-sc-testimonial-wrapper\"><div class='dt-sc-testimonial type2'><div class=\"dt-sc-testimonial-quote\"><blockquote><q>Lorem ipsum dolor sit amet, consectetur adipiscing elit. Morbi hendrerit elit turpis, a porttitor tellus sollicitudin at.Class aptent taciti sociosqu ad litora torquent per conubia nostra, per inceptos himenaeos.<\/q><\/blockquote><\/div><div class=\"dt-sc-testimonial-author\"><cite>Clarence Garza<small>System Admin<\/small><\/cite><\/div><\/div><\/div><\/div><div class=\"ult-item-wrap\" data-animation=\"animated no-animation\"><div class=\"dt-sc-testimonial-wrapper\"><div class='dt-sc-testimonial type2'><div class=\"dt-sc-testimonial-quote\"><blockquote><q>Lorem ipsum dolor sit amet, consectetur adipiscing elit. Morbi hendrerit elit turpis, a porttitor tellus sollicitudin at.Class aptent taciti sociosqu ad litora torquent per conubia nostra, per inceptos himenaeos.<\/q><\/blockquote><\/div><div class=\"dt-sc-testimonial-author\"><cite>Harry Wong<small>Production Executive<\/small><\/cite><\/div><\/div><\/div><\/div><\/div><\/div>\t\t\t<script type=\"text\/javascript\">\r\n\t\t\t\tjQuery(document).ready(function ($) {\r\n\t\t\t\t\tif( typeof jQuery('.ult-carousel-118190918569f53a83860ff').slick == \"function\"){\r\n\t\t\t\t\t\t$('.ult-carousel-118190918569f53a83860ff').slick({dots: true,autoplay: true,autoplaySpeed: 5000,speed: 300,infinite: true,arrows: false,slidesToScroll:2,slidesToShow:2,swipe: true,draggable: true,touchMove: true,pauseOnHover: true,responsive: [\r\n\t\t\t\t\t\t\t{\r\n\t\t\t\t\t\t\t  breakpoint: 1025,\r\n\t\t\t\t\t\t\t  settings: {\r\n\t\t\t\t\t\t\t\tslidesToShow: 2,\r\n\t\t\t\t\t\t\t\tslidesToScroll: 2,  \r\n\t\t\t\t\t\t\t  }\r\n\t\t\t\t\t\t\t},\r\n\t\t\t\t\t\t\t{\r\n\t\t\t\t\t\t\t  breakpoint: 769,\r\n\t\t\t\t\t\t\t  settings: {\r\n\t\t\t\t\t\t\t\tslidesToShow: 1,\r\n\t\t\t\t\t\t\t\tslidesToScroll: 1\r\n\t\t\t\t\t\t\t  }\r\n\t\t\t\t\t\t\t},\r\n\t\t\t\t\t\t\t{\r\n\t\t\t\t\t\t\t  breakpoint: 481,\r\n\t\t\t\t\t\t\t  settings: {\r\n\t\t\t\t\t\t\t\tslidesToShow: 1,\r\n\t\t\t\t\t\t\t\tslidesToScroll: 1\r\n\t\t\t\t\t\t\t  }\r\n\t\t\t\t\t\t\t}\r\n\t\t\t\t\t\t],pauseOnDotsHover: true,customPaging: function(slider, i) {\r\n                   return '<i type=\"button\" style= \"color:#333333;\" class=\"ultsl-radio-unchecked\" data-role=\"none\"><\/i>';\r\n                },});\r\n\t\t\t\t\t}\r\n\t\t\t\t});\r\n\t\t\t<\/script>\r\n\t\t\t<div class=\"ult-spacer spacer-69f53a8387556\" data-id=\"69f53a8387556\" data-height=\"100\" data-height-mobile=\"30\" data-height-tab=\"60\" data-height-tab-portrait=\"60\" data-height-mobile-landscape=\"30\" style=\"clear:both;display:block;\"><\/div><\/div><\/div><\/div><\/div><div class=\"vc_row-full-width vc_clearfix\"><\/div><div class=\"vc_row wpb_row vc_row-fluid\"><div class=\"wpb_column vc_column_container vc_col-sm-12\"><div class=\"vc_column-inner\"><div class=\"wpb_wrapper\"><div class=\"ult-spacer spacer-69f53a8387ea9\" data-id=\"69f53a8387ea9\" data-height=\"100\" data-height-mobile=\"30\" data-height-tab=\"60\" data-height-tab-portrait=\"60\" data-height-mobile-landscape=\"30\" style=\"clear:both;display:block;\"><\/div><div class='dt-sc-title script-with-sub-title aligncenter'><h2><\/h2><h3><strong>Life @<\/strong> Organic Farming<\/h3><\/div><div class=\"ult-spacer spacer-69f53a8387edd\" data-id=\"69f53a8387edd\" data-height=\"50\" data-height-mobile=\"20\" data-height-tab=\"30\" data-height-tab-portrait=\"30\" data-height-mobile-landscape=\"20\" style=\"clear:both;display:block;\"><\/div><div class=\"vc_row wpb_row vc_inner vc_row-fluid\"><div class=\"wpb_column vc_column_container vc_col-sm-3\"><div class=\"vc_column-inner\"><div class=\"wpb_wrapper\"><div class='dt-sc-icon-box type3 dt-sc-rounded'><div class=\"icon-wrapper\"><span><\/span><\/div><div class=\"icon-content\"><h4>Green Atmosphere <\/h4><p>Lorem ipsum dolor sit amet, consectetur adipiscing elit. Morbi hendrerit elit turpis, a porttitor tellus sollicitudin at. Class aptent taciti sociosqu ad<\/p><\/div><\/div><\/div><\/div><\/div><div class=\"wpb_column vc_column_container vc_col-sm-3\"><div class=\"vc_column-inner\"><div class=\"wpb_wrapper\"><div class='dt-sc-icon-box type3 dt-sc-rounded'><div class=\"icon-wrapper\"><span><\/span><\/div><div class=\"icon-content\"><h4>Conserve &amp; Preserve<\/h4><p>Lorem ipsum dolor sit amet, consectetur adipiscing elit. Morbi hendrerit elit turpis, a porttitor tellus sollicitudin at. Class aptent taciti sociosqu ad<\/p><\/div><\/div><\/div><\/div><\/div><div class=\"wpb_column vc_column_container vc_col-sm-3\"><div class=\"vc_column-inner\"><div class=\"wpb_wrapper\"><div class='dt-sc-icon-box type3 dt-sc-rounded'><div class=\"icon-wrapper\"><span><\/span><\/div><div class=\"icon-content\"><h4>Ecosystem <\/h4><p>Lorem ipsum dolor sit amet, consectetur adipiscing elit. Morbi hendrerit elit turpis, a porttitor tellus sollicitudin at. Class aptent taciti sociosqu ad<\/p><\/div><\/div><\/div><\/div><\/div><div class=\"wpb_column vc_column_container vc_col-sm-3\"><div class=\"vc_column-inner\"><div class=\"wpb_wrapper\"><div class='dt-sc-icon-box type3 dt-sc-rounded'><div class=\"icon-wrapper\"><span><\/span><\/div><div class=\"icon-content\"><h4>Crop Rotation<\/h4><p>Lorem ipsum dolor sit amet, consectetur adipiscing elit. Morbi hendrerit elit turpis, a porttitor tellus sollicitudin at. Class aptent taciti sociosqu ad<\/p><\/div><\/div><\/div><\/div><\/div><\/div><div class=\"ult-spacer spacer-69f53a8389bb3\" data-id=\"69f53a8389bb3\" data-height=\"100\" data-height-mobile=\"30\" data-height-tab=\"60\" data-height-tab-portrait=\"60\" data-height-mobile-landscape=\"30\" style=\"clear:both;display:block;\"><\/div><\/div><\/div><\/div><\/div>","protected":false},"excerpt":{"rendered":"Tohum Alan\u0131 Haz\u0131rl\u0131\u011f\u0131 \u015eeker pancar\u0131n\u0131n beslenmesinde azot (N), fosfor (P2O5) ve potasyum (K2O)\u00a0ehemmiyetlidir. Bitkiler hasada kadar k\u00f6k ve yapraklar\u0131\u00a0e\u015fli\u011finde\u00a0topraktan\u00a0a\u015f\u0131r\u0131 derecedeazot, fosfor ve potasyum\u00a0kald\u0131rmaktad\u0131r. Bundan\u00a0kaynakl\u0131\u00a0tarladaki verimlili\u011fin korunabilmesi\u00a0i\u00e7ersinde\u00a0toprak ve bitkinin bu ana\u00a0g\u0131da\u00a0maddeleri ile desteklenmesi\u00a0gerekmektedir. Toprakta\u00a0nebat\u00a0g\u0131da\u00a0maddesi\u00a0\u00e7\u00f6z\u00fcmleme\u00a0neticelerine\u00a0g\u00f6re g\u00fcbrelemeyapmas\u0131\u00a0en do\u011fru yoldur. Ancak \u015feker pancar\u0131nda 6 ton\/da k\u00f6k\u00a0rand\u0131man\u0131\u00a0beklendi\u011finde\u00a0verilecekolan\u00a0g\u0131da\u00a0maddeleri, N = 15-18 kg N\/da P = 10-12 kg P2O5 \/da K = [...]","protected":false},"author":1,"featured_media":0,"parent":0,"menu_order":0,"comment_status":"closed","ping_status":"closed","template":"","meta":[],"_links":{"self":[{"href":"https:\/\/barismak.com.tr\/en\/wp-json\/wp\/v2\/pages\/7922"}],"collection":[{"href":"https:\/\/barismak.com.tr\/en\/wp-json\/wp\/v2\/pages"}],"about":[{"href":"https:\/\/barismak.com.tr\/en\/wp-json\/wp\/v2\/types\/page"}],"author":[{"embeddable":true,"href":"https:\/\/barismak.com.tr\/en\/wp-json\/wp\/v2\/users\/1"}],"replies":[{"embeddable":true,"href":"https:\/\/barismak.com.tr\/en\/wp-json\/wp\/v2\/comments?post=7922"}],"version-history":[{"count":12,"href":"https:\/\/barismak.com.tr\/en\/wp-json\/wp\/v2\/pages\/7922\/revisions"}],"predecessor-version":[{"id":9351,"href":"https:\/\/barismak.com.tr\/en\/wp-json\/wp\/v2\/pages\/7922\/revisions\/9351"}],"wp:attachment":[{"href":"https:\/\/barismak.com.tr\/en\/wp-json\/wp\/v2\/media?parent=7922"}],"curies":[{"name":"wp","href":"https:\/\/api.w.org\/{rel}","templated":true}]}}