{"id":7084,"date":"2016-11-07T08:52:50","date_gmt":"2016-11-07T08:52:50","guid":{"rendered":"http:\/\/wedesignthemes.com\/themes\/testdata\/?page_id=7084"},"modified":"2018-08-04T13:27:11","modified_gmt":"2018-08-04T13:27:11","slug":"1235-sayili-saray-tarim-kredi-koop","status":"publish","type":"page","link":"https:\/\/barismak.com.tr\/en\/portfolio\/1235-sayili-saray-tarim-kredi-koop\/","title":{"rendered":"1235 Say\u0131l\u0131 Saray Tar\u0131m Kredi Koop."},"content":{"rendered":"","protected":false},"excerpt":{"rendered":"","protected":false},"author":1,"featured_media":9614,"parent":4242,"menu_order":0,"comment_status":"closed","ping_status":"closed","template":"tpl-portfolio.php","meta":[],"_links":{"self":[{"href":"https:\/\/barismak.com.tr\/en\/wp-json\/wp\/v2\/pages\/7084"}],"collection":[{"href":"https:\/\/barismak.com.tr\/en\/wp-json\/wp\/v2\/pages"}],"about":[{"href":"https:\/\/barismak.com.tr\/en\/wp-json\/wp\/v2\/types\/page"}],"author":[{"embeddable":true,"href":"https:\/\/barismak.com.tr\/en\/wp-json\/wp\/v2\/users\/1"}],"replies":[{"embeddable":true,"href":"https:\/\/barismak.com.tr\/en\/wp-json\/wp\/v2\/comments?post=7084"}],"version-history":[{"count":3,"href":"https:\/\/barismak.com.tr\/en\/wp-json\/wp\/v2\/pages\/7084\/revisions"}],"predecessor-version":[{"id":9615,"href":"https:\/\/barismak.com.tr\/en\/wp-json\/wp\/v2\/pages\/7084\/revisions\/9615"}],"up":[{"embeddable":true,"href":"https:\/\/barismak.com.tr\/en\/wp-json\/wp\/v2\/pages\/4242"}],"wp:featuredmedia":[{"embeddable":true,"href":"https:\/\/barismak.com.tr\/en\/wp-json\/wp\/v2\/media\/9614"}],"wp:attachment":[{"href":"https:\/\/barismak.com.tr\/en\/wp-json\/wp\/v2\/media?parent=7084"}],"curies":[{"name":"wp","href":"https:\/\/api.w.org\/{rel}","templated":true}]}}