{"id":6196,"date":"2015-08-20T07:36:23","date_gmt":"2015-08-20T07:36:23","guid":{"rendered":"http:\/\/wedesignthemes.com\/themes\/testdata\/?page_id=6196"},"modified":"2017-08-05T13:11:12","modified_gmt":"2017-08-05T13:11:12","slug":"custom-posts","status":"publish","type":"page","link":"https:\/\/barismak.com.tr\/en\/shortcodes\/custom-posts\/","title":{"rendered":"Custom Posts"},"content":{"rendered":"<div class=\"vc_row wpb_row vc_row-fluid\"><div class=\"wpb_column vc_column_container vc_col-sm-12\"><div class=\"vc_column-inner\"><div class=\"wpb_wrapper\">\r\n\t<div class=\"wpb_text_column wpb_content_element  vc_custom_1451369578233 aligncenter\" >\r\n\t\t<div class=\"wpb_wrapper\">\r\n\t\t\t<div class='dt-sc-small-separator'><\/div>\n<h2>RECENT POSTS<\/h2>\n\r\n\t\t<\/div>\r\n\t<\/div>\r\n<div class='dt-sc-hr-invisible-xsmall'> <\/div><div class=\"dt-sc-posts-list-wrapper\"><div class=\"tpl-blog-holder apply-isotope\"><div class='grid-sizer column dt-sc-one-half'><\/div><div class='column dt-sc-one-half first'><article id=\"post-9787\" class=\"blog-entry entry-date-left format-standard post-9787 post type-post status-publish hentry category-green-manures\">\n        <!-- Featured Image -->\n        <div class=\"entry-thumb\">\n        \t        \t\n\n            <div class=\"entry-format\">\n                <a class=\"ico-format\" href=\"\"><\/a>\n            <\/div>\n\t\t<\/div><!-- Featured Image -->\n\n        <!-- Post Details -->\n        <div class=\"entry-details\">\n\n            <!-- Meta -->\n                        <div class=\"entry-date\">\n                <!-- Date -->\n                <div class=\"\">\n                    08                     <span>Aug<\/span>\n                <\/div><!-- Date -->\n\n                <!-- Comment -->\n                <div class=\"\"><a href=\"https:\/\/barismak.com.tr\/en\/seker-pancari-hasat-donemi\/#respond\"><i class=\"pe-icon pe-chat\"> <\/i> 0<\/a>                <\/div><!-- Comment -->                                         \n            <\/div><!-- .entry-date -->\n\n            <div class=\"entry-title\">\n                                <h4><a href=\"https:\/\/barismak.com.tr\/en\/seker-pancari-hasat-donemi\/\" title=\"Permalink to \u015eeker Pancar\u0131 Hasat D\u00f6nemi\" data-no-translation-title=\"\">\u015eeker Pancar\u0131 Hasat D\u00f6nemi<\/a><\/h4>\n            <\/div>\n\n\t\t\t            \t<div class=\"entry-body\"><p>Ananesel olarak el ile s\u00f6k\u00fcmde hasat, s\u00f6k\u00fcm, ba\u015f kesimi, topra\u011f\u0131n hijyenik hale getirilmesi ve ta\u015f\u0131ma arac\u0131na y\u00fckleme \u015feklindeger\u00e7ekle\u015fir.Makineli hasat ise\u00a0gittik\u00e7e\u00a0yayg\u0131nla\u015fmaktad\u0131r. Hasada ba\u015flama\u00a0s\u00fcreyi\u00a0T\u00fcrkiye\u00a0\u00e7ap\u0131nda\u00a0beklenilen\u00a0pancar rekoltesi, fabrikalar\u0131n g\u00fcnl\u00fck i\u015fleme kapasiteleri, \u00fclkenin \u015feker\u00a0ihtiyac\u0131\u00a0ve pancar\u0131n teknolojik olgunluk\u00a0seviyesi\u00a0g\u00f6z \u00f6n\u00fcne al\u0131narak 10 Eyl\u00fcl \u2013...<\/p><\/div>\n            \n            <!-- Author & Category & Tag -->\n                        <div class=\"entry-meta-data\">\n            \t<p class=\"author\">\n                \t<i class=\"pe-icon pe-user\"> <\/i>\n                    <a href=\"https:\/\/barismak.com.tr\/en\/author\/barismak\/\" \n                    \t\t\t\t\ttitle=\"View all posts by barismak\" data-no-translation-title=\"\">barismak<\/a>\n\t\t\t\t<\/p>\n\n                \n                <p class=\"category\"><i class=\"pe-icon pe-network\"> <\/i> <a href=\"https:\/\/barismak.com.tr\/en\/category\/green-manures\/\" rel=\"category tag\">Green manures<\/a><\/p>\n            <\/div><!-- Author & Category & Tag -->\n\n            <!-- Read More Button -->\n            <a href='https:\/\/barismak.com.tr\/en\/seker-pancari-hasat-donemi\/' target='_self' title='' class='dt-sc-button   small icon-right with-icon  filled  default' > Read More <span class='fa fa-long-arrow-right'> <\/span><\/a><!-- Read More Button -->\n\n        <\/div><!-- Post Details --><\/article><\/div><div class='column dt-sc-one-half'><article id=\"post-9785\" class=\"blog-entry entry-date-left format-standard post-9785 post type-post status-publish hentry category-green-manures\">\n        <!-- Featured Image -->\n        <div class=\"entry-thumb\">\n        \t        \t\n\n            <div class=\"entry-format\">\n                <a class=\"ico-format\" href=\"\"><\/a>\n            <\/div>\n\t\t<\/div><!-- Featured Image -->\n\n        <!-- Post Details -->\n        <div class=\"entry-details\">\n\n            <!-- Meta -->\n                        <div class=\"entry-date\">\n                <!-- Date -->\n                <div class=\"\">\n                    08                     <span>Aug<\/span>\n                <\/div><!-- Date -->\n\n                <!-- Comment -->\n                <div class=\"\"><a href=\"https:\/\/barismak.com.tr\/en\/seker-pancari-ekimi\/#respond\"><i class=\"pe-icon pe-chat\"> <\/i> 0<\/a>                <\/div><!-- Comment -->                                         \n            <\/div><!-- .entry-date -->\n\n            <div class=\"entry-title\">\n                                <h4><a href=\"https:\/\/barismak.com.tr\/en\/seker-pancari-ekimi\/\" title=\"Permalink to \u015eeker Pancar\u0131 Ekimi\" data-no-translation-title=\"\">\u015eeker Pancar\u0131 Ekimi<\/a><\/h4>\n            <\/div>\n\n\t\t\t            \t<div class=\"entry-body\"><p>\u015eeker Pancar\u0131 Ekimi \u015eeker pancar\u0131 tar\u0131m\u0131nda ekim\u00a0s\u00fcreyi,\u00a0rafine\u00a0\u015feker varl\u0131\u011f\u0131n\u0131 ve k\u00f6k verimini etkiler. Ekim\u00a0s\u00fcreyi\u00a0geciktirilirse pancar\u0131n yeti\u015fme\u00a0m\u00fcddeti\u00a0k\u0131sal\u0131r, olgunla\u015fmas\u0131 gecikir, g\u00fcbrelerden\u00a0beklenilen\u00a0verim\u00a0al\u0131namaz. Hastal\u0131k ve ha\u015ferelere kar\u015f\u0131 bitkilerin direnci azal\u0131r. Bu nedenlerden\u00a0kaynakl\u0131\u00a0\u015feker pancar\u0131n\u0131n\u00a0makul\u00a0vakitte\u00a0ekilmesi\u00a0defaehemmiyetlidir. Uzun\u00a0seneler\u00a0hararet\u00a0ortalamalar\u0131na g\u00f6re 30 \u2013 35\u00a0senede, 1\u00a0sene\u00a0i\u00e7ersinde2 \u2013 3\u00a0kez\u00a0g\u00f6r\u00fclen ge\u00e7...<\/p><\/div>\n            \n            <!-- Author & Category & Tag -->\n                        <div class=\"entry-meta-data\">\n            \t<p class=\"author\">\n                \t<i class=\"pe-icon pe-user\"> <\/i>\n                    <a href=\"https:\/\/barismak.com.tr\/en\/author\/barismak\/\" \n                    \t\t\t\t\ttitle=\"View all posts by barismak\" data-no-translation-title=\"\">barismak<\/a>\n\t\t\t\t<\/p>\n\n                \n                <p class=\"category\"><i class=\"pe-icon pe-network\"> <\/i> <a href=\"https:\/\/barismak.com.tr\/en\/category\/green-manures\/\" rel=\"category tag\">Green manures<\/a><\/p>\n            <\/div><!-- Author & Category & Tag -->\n\n            <!-- Read More Button -->\n            <a href='https:\/\/barismak.com.tr\/en\/seker-pancari-ekimi\/' target='_self' title='' class='dt-sc-button   small icon-right with-icon  filled  default' > Read More <span class='fa fa-long-arrow-right'> <\/span><\/a><!-- Read More Button -->\n\n        <\/div><!-- Post Details --><\/article><\/div><\/div><\/div><div class='dt-sc-hr-invisible-medium'> <\/div>\r\n\t<div class=\"wpb_text_column wpb_content_element  vc_custom_1451369848956 aligncenter\" >\r\n\t\t<div class=\"wpb_wrapper\">\r\n\t\t\t<div class='dt-sc-small-separator'><\/div>\n<h2>LATEST NEWS<\/h2>\n\r\n\t\t<\/div>\r\n\t<\/div>\r\n<div class='dt-sc-hr-invisible-xsmall'> <\/div><div class=\"vc_row wpb_row vc_inner vc_row-fluid\"><div class=\"wpb_column vc_column_container vc_col-sm-6\"><div class=\"vc_column-inner\"><div class=\"wpb_wrapper\"><div class='blog-entry blog-thumb-style entry-date-left'><div class=\"entry-thumb\"><\/div><div class=\"entry-details\"><div class=\"entry-author\">By <a href=\"https:\/\/barismak.com.tr\/en\/author\/barismak\/\" \r\n\t\t\t\t\t\t\ttitle=\"View all posts by barismak\" data-no-translation-title=\"\">barismak<\/a><\/div><div class=\"entry-date\">Aug 08, 2018<\/div><div class=\"entry-title\"><h4> <a title=\"\u015eeker Pancar\u0131 Hasat D\u00f6nemi\" href=\"https:\/\/barismak.com.tr\/en\/seker-pancari-hasat-donemi\/\">\u015eeker Pancar\u0131 Hasat D\u00f6nemi<\/a> <\/h4><\/div><div class=\"entry-body\"><p>Ananesel olarak el ile s\u00f6k\u00fcmde hasat, s\u00f6k\u00fcm, ba\u015f kesimi,...<\/p><\/div><a href=\"https:\/\/barismak.com.tr\/en\/seker-pancari-hasat-donemi\/\" title=\"Permalink to \u015eeker Pancar\u0131 Hasat D\u00f6nemi\" class=\"read-more\" data-no-translation-title=\"\">Read More<span class=\"fa fa-long-arrow-right\"><\/span><\/a><\/div><\/div><div class='blog-entry blog-thumb-style entry-date-left'><div class=\"entry-thumb\"><\/div><div class=\"entry-details\"><div class=\"entry-author\">By <a href=\"https:\/\/barismak.com.tr\/en\/author\/barismak\/\" \r\n\t\t\t\t\t\t\ttitle=\"View all posts by barismak\" data-no-translation-title=\"\">barismak<\/a><\/div><div class=\"entry-date\">Aug 08, 2018<\/div><div class=\"entry-title\"><h4> <a title=\"\u015eeker Pancar\u0131 Ekimi\" href=\"https:\/\/barismak.com.tr\/en\/seker-pancari-ekimi\/\">\u015eeker Pancar\u0131 Ekimi<\/a> <\/h4><\/div><div class=\"entry-body\"><p>\u015eeker Pancar\u0131 Ekimi \u015eeker pancar\u0131 tar\u0131m\u0131nda ekim\u00a0s\u00fcreyi,\u00a0rafine\u00a0\u015feker varl\u0131\u011f\u0131n\u0131 ve...<\/p><\/div><a href=\"https:\/\/barismak.com.tr\/en\/seker-pancari-ekimi\/\" title=\"Permalink to \u015eeker Pancar\u0131 Ekimi\" class=\"read-more\" data-no-translation-title=\"\">Read More<span class=\"fa fa-long-arrow-right\"><\/span><\/a><\/div><\/div><div class='blog-entry blog-thumb-style entry-date-left last'><div class=\"entry-thumb\"><\/div><div class=\"entry-details\"><div class=\"entry-author\">By <a href=\"https:\/\/barismak.com.tr\/en\/author\/barismak\/\" \r\n\t\t\t\t\t\t\ttitle=\"View all posts by barismak\" data-no-translation-title=\"\">barismak<\/a><\/div><div class=\"entry-date\">Aug 08, 2018<\/div><div class=\"entry-title\"><h4> <a title=\"Tohum Alan\u0131 Haz\u0131rl\u0131\u011f\u0131\" href=\"https:\/\/barismak.com.tr\/en\/tohum-alani-hazirligi\/\">Tohum Alan\u0131 Haz\u0131rl\u0131\u011f\u0131<\/a> <\/h4><\/div><div class=\"entry-body\"><p>Tohum Alan\u0131 Haz\u0131rl\u0131\u011f\u0131 \u015eeker pancar\u0131n\u0131n beslenmesinde azot (N), fosfor...<\/p><\/div><a href=\"https:\/\/barismak.com.tr\/en\/tohum-alani-hazirligi\/\" title=\"Permalink to Tohum Alan\u0131 Haz\u0131rl\u0131\u011f\u0131\" class=\"read-more\" data-no-translation-title=\"\">Read More<span class=\"fa fa-long-arrow-right\"><\/span><\/a><\/div><\/div><\/div><\/div><\/div><div class=\"wpb_column vc_column_container vc_col-sm-6\"><div class=\"vc_column-inner\"><div class=\"wpb_wrapper\"><div class='blog-entry blog-thumb-style entry-date-left'><div class=\"entry-thumb\"><\/div><div class=\"entry-details\"><div class=\"entry-author\">By <a href=\"https:\/\/barismak.com.tr\/en\/author\/barismak\/\" \r\n\t\t\t\t\t\t\ttitle=\"View all posts by barismak\" data-no-translation-title=\"\">barismak<\/a><\/div><div class=\"entry-date\">Aug 08, 2018<\/div><div class=\"entry-title\"><h4> <a title=\"\u015eeker Pancar\u0131 Hasat D\u00f6nemi\" href=\"https:\/\/barismak.com.tr\/en\/seker-pancari-hasat-donemi\/\">\u015eeker Pancar\u0131 Hasat D\u00f6nemi<\/a> <\/h4><\/div><div class=\"entry-body\"><p>Ananesel olarak el ile s\u00f6k\u00fcmde hasat, s\u00f6k\u00fcm, ba\u015f kesimi,...<\/p><\/div><a href=\"https:\/\/barismak.com.tr\/en\/seker-pancari-hasat-donemi\/\" title=\"Permalink to \u015eeker Pancar\u0131 Hasat D\u00f6nemi\" class=\"read-more\" data-no-translation-title=\"\">Read More<span class=\"fa fa-long-arrow-right\"><\/span><\/a><\/div><\/div><div class='blog-entry blog-thumb-style entry-date-left'><div class=\"entry-thumb\"><\/div><div class=\"entry-details\"><div class=\"entry-author\">By <a href=\"https:\/\/barismak.com.tr\/en\/author\/barismak\/\" \r\n\t\t\t\t\t\t\ttitle=\"View all posts by barismak\" data-no-translation-title=\"\">barismak<\/a><\/div><div class=\"entry-date\">Aug 08, 2018<\/div><div class=\"entry-title\"><h4> <a title=\"\u015eeker Pancar\u0131 Ekimi\" href=\"https:\/\/barismak.com.tr\/en\/seker-pancari-ekimi\/\">\u015eeker Pancar\u0131 Ekimi<\/a> <\/h4><\/div><div class=\"entry-body\"><p>\u015eeker Pancar\u0131 Ekimi \u015eeker pancar\u0131 tar\u0131m\u0131nda ekim\u00a0s\u00fcreyi,\u00a0rafine\u00a0\u015feker varl\u0131\u011f\u0131n\u0131 ve...<\/p><\/div><a href=\"https:\/\/barismak.com.tr\/en\/seker-pancari-ekimi\/\" title=\"Permalink to \u015eeker Pancar\u0131 Ekimi\" class=\"read-more\" data-no-translation-title=\"\">Read More<span class=\"fa fa-long-arrow-right\"><\/span><\/a><\/div><\/div><div class='blog-entry blog-thumb-style entry-date-left last'><div class=\"entry-thumb\"><\/div><div class=\"entry-details\"><div class=\"entry-author\">By <a href=\"https:\/\/barismak.com.tr\/en\/author\/barismak\/\" \r\n\t\t\t\t\t\t\ttitle=\"View all posts by barismak\" data-no-translation-title=\"\">barismak<\/a><\/div><div class=\"entry-date\">Aug 08, 2018<\/div><div class=\"entry-title\"><h4> <a title=\"Tohum Alan\u0131 Haz\u0131rl\u0131\u011f\u0131\" href=\"https:\/\/barismak.com.tr\/en\/tohum-alani-hazirligi\/\">Tohum Alan\u0131 Haz\u0131rl\u0131\u011f\u0131<\/a> <\/h4><\/div><div class=\"entry-body\"><p>Tohum Alan\u0131 Haz\u0131rl\u0131\u011f\u0131 \u015eeker pancar\u0131n\u0131n beslenmesinde azot (N), fosfor...<\/p><\/div><a href=\"https:\/\/barismak.com.tr\/en\/tohum-alani-hazirligi\/\" title=\"Permalink to Tohum Alan\u0131 Haz\u0131rl\u0131\u011f\u0131\" class=\"read-more\" data-no-translation-title=\"\">Read More<span class=\"fa fa-long-arrow-right\"><\/span><\/a><\/div><\/div><\/div><\/div><\/div><\/div><div class='dt-sc-hr-invisible-medium'> <\/div>\r\n\t<div class=\"wpb_text_column wpb_content_element  vc_custom_1451369931251 aligncenter\" >\r\n\t\t<div class=\"wpb_wrapper\">\r\n\t\t\t<div class='dt-sc-small-separator'><\/div>\n<h2>PORTFOLIO<\/h2>\n\r\n\t\t<\/div>\r\n\t<\/div>\r\n<div class='dt-sc-hr-invisible-xsmall'> <\/div><div class=\"dt-sc-portfolio-container with-space\"><div class=\"grid-sizer  portfolio column dt-sc-one-half\"><\/div><div id=\"dt_portfolios-7425\" class=\"type1 with-space portfolio column dt-sc-one-half first\">\t<figure>\t\t<img src=\"\" alt=\"Cras tristique purus non lacus\" title=\"Cras tristique purus non lacus\"\/>\t\t<div class=\"image-overlay\"><div class=\"links\"><a title=\"Cras tristique purus non lacus\" href=\"https:\/\/barismak.com.tr\/en\/dt_portfolios\/cras-tristique-purus-non-lacus\/\"><span class=\"icon icon-linked\"> <\/span><\/a><a title=\"Cras tristique purus non lacus\" data-gal=\"prettyPhoto[gallery]\" href=\"\">\t<span class=\"icon icon-search\"> <\/span> <\/a><\/div><div class=\"image-overlay-details\">\t<h2><a title=\"Cras tristique purus non lacus\" href=\"https:\/\/barismak.com.tr\/en\/dt_portfolios\/cras-tristique-purus-non-lacus\/\">Cras tristique purus non lacus<\/a><\/h2><p class='categories'><a href=\"https:\/\/barismak.com.tr\/en\/portfolio_entries\/livestock\/\" rel=\"tag\">Livestock<\/a><\/p><\/div>\t\t<\/div>\t<\/figure><\/div><div id=\"dt_portfolios-7424\" class=\"type1 with-space portfolio column dt-sc-one-half\">\t<figure>\t\t<img src=\"\" alt=\"Duis fermentum felis\" title=\"Duis fermentum felis\"\/>\t\t<div class=\"image-overlay\"><div class=\"links\"><a title=\"Duis fermentum felis\" href=\"https:\/\/barismak.com.tr\/en\/dt_portfolios\/duis-fermentum-felis\/\"><span class=\"icon icon-linked\"> <\/span><\/a><a title=\"Duis fermentum felis\" data-gal=\"prettyPhoto[gallery]\" href=\"\">\t<span class=\"icon icon-search\"> <\/span> <\/a><\/div><div class=\"image-overlay-details\">\t<h2><a title=\"Duis fermentum felis\" href=\"https:\/\/barismak.com.tr\/en\/dt_portfolios\/duis-fermentum-felis\/\">Duis fermentum felis<\/a><\/h2><p class='categories'><a href=\"https:\/\/barismak.com.tr\/en\/portfolio_entries\/organic\/\" rel=\"tag\">Organic<\/a><\/p><\/div>\t\t<\/div>\t<\/figure><\/div><\/div><div class=\"vc_empty_space\"   style=\"height: 80px\"><span class=\"vc_empty_space_inner\"><\/span><\/div><\/div><\/div><\/div><\/div>","protected":false},"excerpt":{"rendered":"There are many variations of passages of Lorem Ipsum available, but the majority have suffered alteration in some form, by injected humour, or randomised words which don't look even slightly believable. Aenean leo ligula, porttitor eu, consequat vitae, eleifend ac, enim. Aliquam lorem ante, dapibus in, viverra quis, feugiat a, tellus.","protected":false},"author":1,"featured_media":0,"parent":4525,"menu_order":0,"comment_status":"open","ping_status":"closed","template":"","meta":[],"_links":{"self":[{"href":"https:\/\/barismak.com.tr\/en\/wp-json\/wp\/v2\/pages\/6196"}],"collection":[{"href":"https:\/\/barismak.com.tr\/en\/wp-json\/wp\/v2\/pages"}],"about":[{"href":"https:\/\/barismak.com.tr\/en\/wp-json\/wp\/v2\/types\/page"}],"author":[{"embeddable":true,"href":"https:\/\/barismak.com.tr\/en\/wp-json\/wp\/v2\/users\/1"}],"replies":[{"embeddable":true,"href":"https:\/\/barismak.com.tr\/en\/wp-json\/wp\/v2\/comments?post=6196"}],"version-history":[{"count":0,"href":"https:\/\/barismak.com.tr\/en\/wp-json\/wp\/v2\/pages\/6196\/revisions"}],"up":[{"embeddable":true,"href":"https:\/\/barismak.com.tr\/en\/wp-json\/wp\/v2\/pages\/4525"}],"wp:attachment":[{"href":"https:\/\/barismak.com.tr\/en\/wp-json\/wp\/v2\/media?parent=6196"}],"curies":[{"name":"wp","href":"https:\/\/api.w.org\/{rel}","templated":true}]}}